{"id":100,"date":"2015-04-24T11:24:33","date_gmt":"2015-04-24T09:24:33","guid":{"rendered":"http:\/\/www.perpetuus.ch\/?page_id=100"},"modified":"2015-05-14T20:59:25","modified_gmt":"2015-05-14T18:59:25","slug":"traderworkstation","status":"publish","type":"page","link":"https:\/\/www.perpetuus.ch\/?page_id=100","title":{"rendered":"TraderWorkStation TWS"},"content":{"rendered":"<p>Die Trader Workstation ist eine von Market Makern gestaltete besonders leistungsstarke Handelsplattform. TWS erm\u00f6glicht den weltweiten Handel von verschiedensten Wertpapierklassen mit zahllosen Ordertypen und mit vielen effizienzsteigernden Trading-Tools. Systemfunktionalit\u00e4t steht hier an erster Stelle. Die TWS zeichnet sich vor allem durch ihre Benutzerfreundlichkeit, Zuverl\u00e4ssigkeit, Stabilit\u00e4t und technische \u00dcberlegenheit aus.<\/p>\n<p><strong><a class=\"content\" href=\"https:\/\/www.interactivebrokers.com\/de\/index.php?f=552\">Download TWS <\/a><\/strong><\/p>\n","protected":false},"excerpt":{"rendered":"<p>Die Trader Workstation ist eine von Market Makern gestaltete besonders leistungsstarke Handelsplattform. TWS erm\u00f6glicht den weltweiten Handel von verschiedensten Wertpapierklassen mit zahllosen Ordertypen und mit vielen effizienzsteigernden Trading-Tools. Systemfunktionalit\u00e4t steht hier an erster Stelle. Die TWS zeichnet sich vor allem durch ihre Benutzerfreundlichkeit, Zuverl\u00e4ssigkeit, Stabilit\u00e4t und technische \u00dcberlegenheit aus. Download TWS<\/p>\n","protected":false},"author":1,"featured_media":0,"parent":96,"menu_order":0,"comment_status":"open","ping_status":"open","template":"page-full.php","meta":{"footnotes":""},"class_list":["post-100","page","type-page","status-publish","hentry"],"_links":{"self":[{"href":"https:\/\/www.perpetuus.ch\/index.php?rest_route=\/wp\/v2\/pages\/100","targetHints":{"allow":["GET"]}}],"collection":[{"href":"https:\/\/www.perpetuus.ch\/index.php?rest_route=\/wp\/v2\/pages"}],"about":[{"href":"https:\/\/www.perpetuus.ch\/index.php?rest_route=\/wp\/v2\/types\/page"}],"author":[{"embeddable":true,"href":"https:\/\/www.perpetuus.ch\/index.php?rest_route=\/wp\/v2\/users\/1"}],"replies":[{"embeddable":true,"href":"https:\/\/www.perpetuus.ch\/index.php?rest_route=%2Fwp%2Fv2%2Fcomments&post=100"}],"version-history":[{"count":8,"href":"https:\/\/www.perpetuus.ch\/index.php?rest_route=\/wp\/v2\/pages\/100\/revisions"}],"predecessor-version":[{"id":225,"href":"https:\/\/www.perpetuus.ch\/index.php?rest_route=\/wp\/v2\/pages\/100\/revisions\/225"}],"up":[{"embeddable":true,"href":"https:\/\/www.perpetuus.ch\/index.php?rest_route=\/wp\/v2\/pages\/96"}],"wp:attachment":[{"href":"https:\/\/www.perpetuus.ch\/index.php?rest_route=%2Fwp%2Fv2%2Fmedia&parent=100"}],"curies":[{"name":"wp","href":"https:\/\/api.w.org\/{rel}","templated":true}]}}