{"id":102,"date":"2015-04-24T11:25:00","date_gmt":"2015-04-24T09:25:00","guid":{"rendered":"http:\/\/www.perpetuus.ch\/?page_id=102"},"modified":"2015-05-14T21:05:19","modified_gmt":"2015-05-14T19:05:19","slug":"webtrader","status":"publish","type":"page","link":"https:\/\/www.perpetuus.ch\/?page_id=102","title":{"rendered":"WebTrader"},"content":{"rendered":"<p>Wenn Sie keinen Zugang auf die Handelsplattform haben k\u00f6nnen Sie alternativ \u00fcber den Webtrader handeln.<\/p>\n<p>Der WebTrader ist eine vereinfachte Handelsplattform und beschr\u00e4nkt sich auf die wichtigsten Funktionen. Der WebTrader eignet sich f\u00fcr den B\u00f6rsenanf\u00e4nger oder den Anleger, der generell ein einzelnes Produkt oder nur mit Standard Ordertypen handelt.<br \/>\nVorteile, die Ihnen der WebTreder bietet<\/p>\n<ul>\n<li>Lediglich Internetverbindung und ein Browser werden ben\u00f6tigt<\/li>\n<li>Zugang zu allen Produkten und M\u00e4rkten<\/li>\n<li>Sekunden genaue Real-time-Kurse, Marktdaten und Nachrichten<\/li>\n<li>Vielf\u00e4ltige Chartfenster Varianten<\/li>\n<li>Positionsmanagement und Kontoinformationen<\/li>\n<\/ul>\n<p>&nbsp;<\/p>\n<p><strong><a href=\"https:\/\/gre.wgw.interactivebrokers.com\/webtrader\/servlet\/login\">Web Trader Login<\/a><\/strong><\/p>\n","protected":false},"excerpt":{"rendered":"<p>Wenn Sie keinen Zugang auf die Handelsplattform haben k\u00f6nnen Sie alternativ \u00fcber den Webtrader handeln. Der WebTrader ist eine vereinfachte Handelsplattform und beschr\u00e4nkt sich auf die wichtigsten Funktionen. Der WebTrader eignet sich f\u00fcr den B\u00f6rsenanf\u00e4nger oder den Anleger, der generell ein einzelnes Produkt oder nur mit Standard Ordertypen handelt. Vorteile, die Ihnen der WebTreder bietet [&hellip;]<\/p>\n","protected":false},"author":1,"featured_media":0,"parent":96,"menu_order":0,"comment_status":"open","ping_status":"open","template":"page-full.php","meta":{"footnotes":""},"class_list":["post-102","page","type-page","status-publish","hentry"],"_links":{"self":[{"href":"https:\/\/www.perpetuus.ch\/index.php?rest_route=\/wp\/v2\/pages\/102","targetHints":{"allow":["GET"]}}],"collection":[{"href":"https:\/\/www.perpetuus.ch\/index.php?rest_route=\/wp\/v2\/pages"}],"about":[{"href":"https:\/\/www.perpetuus.ch\/index.php?rest_route=\/wp\/v2\/types\/page"}],"author":[{"embeddable":true,"href":"https:\/\/www.perpetuus.ch\/index.php?rest_route=\/wp\/v2\/users\/1"}],"replies":[{"embeddable":true,"href":"https:\/\/www.perpetuus.ch\/index.php?rest_route=%2Fwp%2Fv2%2Fcomments&post=102"}],"version-history":[{"count":9,"href":"https:\/\/www.perpetuus.ch\/index.php?rest_route=\/wp\/v2\/pages\/102\/revisions"}],"predecessor-version":[{"id":228,"href":"https:\/\/www.perpetuus.ch\/index.php?rest_route=\/wp\/v2\/pages\/102\/revisions\/228"}],"up":[{"embeddable":true,"href":"https:\/\/www.perpetuus.ch\/index.php?rest_route=\/wp\/v2\/pages\/96"}],"wp:attachment":[{"href":"https:\/\/www.perpetuus.ch\/index.php?rest_route=%2Fwp%2Fv2%2Fmedia&parent=102"}],"curies":[{"name":"wp","href":"https:\/\/api.w.org\/{rel}","templated":true}]}}