{"id":139,"date":"2015-04-24T11:35:36","date_gmt":"2015-04-24T09:35:36","guid":{"rendered":"http:\/\/www.perpetuus.ch\/?page_id=139"},"modified":"2015-11-26T15:23:32","modified_gmt":"2015-11-26T14:23:32","slug":"ueber-uns","status":"publish","type":"page","link":"https:\/\/www.perpetuus.ch\/?page_id=139","title":{"rendered":"\u00dcber Uns"},"content":{"rendered":"<p><a href=\"http:\/\/www.perpetuus.ch\/wp-content\/uploads\/2015\/04\/ueber-uns-perpetuus.jpg\"><img loading=\"lazy\" decoding=\"async\" class=\" size-full wp-image-295 alignright\" src=\"http:\/\/www.perpetuus.ch\/wp-content\/uploads\/2015\/04\/ueber-uns-perpetuus.jpg\" alt=\"ueber-uns-perpetuus\" width=\"500\" height=\"333\" srcset=\"https:\/\/www.perpetuus.ch\/wp-content\/uploads\/2015\/04\/ueber-uns-perpetuus.jpg 500w, https:\/\/www.perpetuus.ch\/wp-content\/uploads\/2015\/04\/ueber-uns-perpetuus-300x200.jpg 300w, https:\/\/www.perpetuus.ch\/wp-content\/uploads\/2015\/04\/ueber-uns-perpetuus-140x94.jpg 140w\" sizes=\"auto, (max-width: 500px) 100vw, 500px\" \/><\/a>Die PERPETUUS AG erm\u00f6glicht Ihnen als Vermittler von Depots bei Interactive Brokers den Zugang zu einem Netzwerk mit \u00fcber 100 B\u00f6rsenpl\u00e4tzen weltweit in 23 verschiedenen L\u00e4ndern. Die Konditionen sind \u00e4u\u00dferst g\u00fcnstig und absolut transparent. Mit dem kostenlosen Depot haben Sie globalen Zugang zu den Globalen M\u00e4rkten.<br \/>\nEs stehen Ihnen \u00fcber 1,2 Millionen Finanzprodukte aus den Bereichen Aktien &amp; ETFs, Anleihen, CFDs, Devisen, Edelmetalle, Fonds, Futures und Optionen zur Verf\u00fcgung, die \u00fcber zahlreiche Handelspl\u00e4tze in aller Welt gehandelt werden k\u00f6nnen. Egal ob Asien, Europa oder Nordamerika \u2013 \u00fcber uns finden Sie genau jedes Finanzinstrument, das Sie handeln m\u00f6chten.<\/p>\n<p><strong>G\u00fcnstig<\/strong><br \/>\nEs stehen Ihnen \u00fcber 1,2 Millionen Finanzprodukte aus den Bereichen Aktien &amp; ETFs, Anleihen, CFDs, Devisen, Edelmetalle, Fonds, Futures und Optionen zur Verf\u00fcgung, die \u00fcber zahlreiche Handelspl\u00e4tze in aller Welt gehandelt werden k\u00f6nnen. Egal ob Asien, Europa oder Nordamerika \u2013 \u00fcber uns finden Sie genau jedes Finanzinstrument, das Sie handeln m\u00f6chten.<\/p>\n<p><strong>Transparent<\/strong><br \/>\nDas Herzst\u00fcck bei IB ist absolute Transparenz bei den Handels Geb\u00fchren. Der Kunde muss keine versteckten Kosten bef\u00fcrchten. Das Depot bei IB ist absolut geb\u00fchrenfrei und auch der Depot\u00fcbertrag geht komplett kostenfrei vonstatten.<\/p>\n<p>&nbsp;<\/p>\n<p>&nbsp;<\/p>\n<h2><strong>PERPETUUS\u00a0AG<\/strong><\/h2>\n<p>Heimiliweg 7<br \/>\nCH 6370 Oberdorf<\/p>\n<p>Vertreten durch den Verwaltungsrat<br \/>\nUrs Keiser<\/p>\n<p>+ 41 41 5520975<\/p>\n","protected":false},"excerpt":{"rendered":"<p>Die PERPETUUS AG erm\u00f6glicht Ihnen als Vermittler von Depots bei Interactive Brokers den Zugang zu einem Netzwerk mit \u00fcber 100 B\u00f6rsenpl\u00e4tzen weltweit in 23 verschiedenen L\u00e4ndern. Die Konditionen sind \u00e4u\u00dferst g\u00fcnstig und absolut transparent. Mit dem kostenlosen Depot haben Sie globalen Zugang zu den Globalen M\u00e4rkten. Es stehen Ihnen \u00fcber 1,2 Millionen Finanzprodukte aus den [&hellip;]<\/p>\n","protected":false},"author":1,"featured_media":0,"parent":0,"menu_order":0,"comment_status":"open","ping_status":"open","template":"page-full.php","meta":{"footnotes":""},"class_list":["post-139","page","type-page","status-publish","hentry"],"_links":{"self":[{"href":"https:\/\/www.perpetuus.ch\/index.php?rest_route=\/wp\/v2\/pages\/139","targetHints":{"allow":["GET"]}}],"collection":[{"href":"https:\/\/www.perpetuus.ch\/index.php?rest_route=\/wp\/v2\/pages"}],"about":[{"href":"https:\/\/www.perpetuus.ch\/index.php?rest_route=\/wp\/v2\/types\/page"}],"author":[{"embeddable":true,"href":"https:\/\/www.perpetuus.ch\/index.php?rest_route=\/wp\/v2\/users\/1"}],"replies":[{"embeddable":true,"href":"https:\/\/www.perpetuus.ch\/index.php?rest_route=%2Fwp%2Fv2%2Fcomments&post=139"}],"version-history":[{"count":13,"href":"https:\/\/www.perpetuus.ch\/index.php?rest_route=\/wp\/v2\/pages\/139\/revisions"}],"predecessor-version":[{"id":468,"href":"https:\/\/www.perpetuus.ch\/index.php?rest_route=\/wp\/v2\/pages\/139\/revisions\/468"}],"wp:attachment":[{"href":"https:\/\/www.perpetuus.ch\/index.php?rest_route=%2Fwp%2Fv2%2Fmedia&parent=139"}],"curies":[{"name":"wp","href":"https:\/\/api.w.org\/{rel}","templated":true}]}}