{"id":185,"date":"2015-05-14T18:52:12","date_gmt":"2015-05-14T16:52:12","guid":{"rendered":"http:\/\/www.perpetuus.ch\/?page_id=185"},"modified":"2015-06-22T21:26:47","modified_gmt":"2015-06-22T19:26:47","slug":"boersenbrief","status":"publish","type":"page","link":"https:\/\/www.perpetuus.ch\/?page_id=185","title":{"rendered":"B\u00f6rsenbrief"},"content":{"rendered":"<p><a href=\"http:\/\/www.perpetuus.ch\/wp-content\/uploads\/2015\/05\/boersenbrief.jpg\"><img loading=\"lazy\" decoding=\"async\" class=\"alignright wp-image-288 size-medium\" src=\"http:\/\/www.perpetuus.ch\/wp-content\/uploads\/2015\/05\/boersenbrief-300x300.jpg\" alt=\"boersenbrief\" width=\"300\" height=\"300\" srcset=\"https:\/\/www.perpetuus.ch\/wp-content\/uploads\/2015\/05\/boersenbrief-300x300.jpg 300w, https:\/\/www.perpetuus.ch\/wp-content\/uploads\/2015\/05\/boersenbrief-150x150.jpg 150w, https:\/\/www.perpetuus.ch\/wp-content\/uploads\/2015\/05\/boersenbrief-184x184.jpg 184w, https:\/\/www.perpetuus.ch\/wp-content\/uploads\/2015\/05\/boersenbrief.jpg 500w\" sizes=\"auto, (max-width: 300px) 100vw, 300px\" \/><\/a>Mit unserem B\u00f6rsenbrief und Brancheninformationsdienst bieten wir Ihnen die M\u00f6glichkeit, Ihre pers\u00f6nliche Entscheidungsgrundlage zu st\u00e4rken.<br \/>\nIm Gegensatz zu unseren Handelssignalen Ist unser B\u00f6rsenbrief Mittel bis Langfristig ausgelegt.<\/p>\n","protected":false},"excerpt":{"rendered":"<p>Mit unserem B\u00f6rsenbrief und Brancheninformationsdienst bieten wir Ihnen die M\u00f6glichkeit, Ihre pers\u00f6nliche Entscheidungsgrundlage zu st\u00e4rken. Im Gegensatz zu unseren Handelssignalen Ist unser B\u00f6rsenbrief Mittel bis Langfristig ausgelegt.<\/p>\n","protected":false},"author":1,"featured_media":0,"parent":0,"menu_order":0,"comment_status":"open","ping_status":"open","template":"page-full.php","meta":{"footnotes":""},"class_list":["post-185","page","type-page","status-publish","hentry"],"_links":{"self":[{"href":"https:\/\/www.perpetuus.ch\/index.php?rest_route=\/wp\/v2\/pages\/185","targetHints":{"allow":["GET"]}}],"collection":[{"href":"https:\/\/www.perpetuus.ch\/index.php?rest_route=\/wp\/v2\/pages"}],"about":[{"href":"https:\/\/www.perpetuus.ch\/index.php?rest_route=\/wp\/v2\/types\/page"}],"author":[{"embeddable":true,"href":"https:\/\/www.perpetuus.ch\/index.php?rest_route=\/wp\/v2\/users\/1"}],"replies":[{"embeddable":true,"href":"https:\/\/www.perpetuus.ch\/index.php?rest_route=%2Fwp%2Fv2%2Fcomments&post=185"}],"version-history":[{"count":3,"href":"https:\/\/www.perpetuus.ch\/index.php?rest_route=\/wp\/v2\/pages\/185\/revisions"}],"predecessor-version":[{"id":289,"href":"https:\/\/www.perpetuus.ch\/index.php?rest_route=\/wp\/v2\/pages\/185\/revisions\/289"}],"wp:attachment":[{"href":"https:\/\/www.perpetuus.ch\/index.php?rest_route=%2Fwp%2Fv2%2Fmedia&parent=185"}],"curies":[{"name":"wp","href":"https:\/\/api.w.org\/{rel}","templated":true}]}}