{"id":31,"date":"2015-04-23T22:50:47","date_gmt":"2015-04-23T20:50:47","guid":{"rendered":"http:\/\/www.perpetuus.ch\/?page_id=31"},"modified":"2015-06-22T20:25:47","modified_gmt":"2015-06-22T18:25:47","slug":"deopt","status":"publish","type":"page","link":"https:\/\/www.perpetuus.ch\/?page_id=31","title":{"rendered":"Depot"},"content":{"rendered":"<p><a href=\"http:\/\/www.perpetuus.ch\/wp-content\/uploads\/2015\/04\/depot.jpg\"><img loading=\"lazy\" decoding=\"async\" class=\" wp-image-251 size-large alignright\" src=\"http:\/\/www.perpetuus.ch\/wp-content\/uploads\/2015\/04\/depot-1024x512.jpg\" alt=\"depot\" width=\"508\" height=\"254\" srcset=\"https:\/\/www.perpetuus.ch\/wp-content\/uploads\/2015\/04\/depot-1024x512.jpg 1024w, https:\/\/www.perpetuus.ch\/wp-content\/uploads\/2015\/04\/depot-300x150.jpg 300w, https:\/\/www.perpetuus.ch\/wp-content\/uploads\/2015\/04\/depot.jpg 1200w\" sizes=\"auto, (max-width: 508px) 100vw, 508px\" \/><\/a><br \/>\nWeltweites Angebot<br \/>\nHandeln Sie weltweit an \u00fcber 100 B\u00f6rsenpl\u00e4tzen in mehr als 24 L\u00e4ndern.<\/p>\n<p>Sie erhalten direkten Marktzugang zu Aktien, Optionen, Futures, Forex, Anleihen, Fonds und CFDs<br \/>\n\u00fcber ein einzelnes Konto, das IB Universal Account\u2122.<\/p>\n<p>    Handeln Sie Verm\u00f6genswerte in mehreren W\u00e4hrungen \u00fcber ein einzelnes Konto.<br \/>\n    Erhalten Sie Zugang zu Marktdaten 24 Stunden am Tag, 6 Tage die Woche und bleiben Sie so bei den globalen M\u00e4rkten am Ball.<\/p>\n<p>    Konvertieren Sie W\u00e4hrungen zum aktuellen Marktpreis (Differenz von Geld und Brief Kurs macht zum Teil nur 1\/2 PIP aus), oder hinterlegen Sie Ihr Sicherheiten in mehreren W\u00e4hrungen.<br \/>\n    Ausgezeichnet von Barron\u2019s mit 4.5 Sternen in der KategorieBest for International Traders1, der Umfang unserer Produktpalette steht ausser Konkurrenz.<\/p>\n","protected":false},"excerpt":{"rendered":"<p>Weltweites Angebot Handeln Sie weltweit an \u00fcber 100 B\u00f6rsenpl\u00e4tzen in mehr als 24 L\u00e4ndern. Sie erhalten direkten Marktzugang zu Aktien, Optionen, Futures, Forex, Anleihen, Fonds und CFDs \u00fcber ein einzelnes Konto, das IB Universal Account\u2122. Handeln Sie Verm\u00f6genswerte in mehreren W\u00e4hrungen \u00fcber ein einzelnes Konto. Erhalten Sie Zugang zu Marktdaten 24 Stunden am Tag, 6 [&hellip;]<\/p>\n","protected":false},"author":1,"featured_media":251,"parent":0,"menu_order":0,"comment_status":"open","ping_status":"open","template":"page-full.php","meta":{"footnotes":""},"class_list":["post-31","page","type-page","status-publish","has-post-thumbnail","hentry"],"_links":{"self":[{"href":"https:\/\/www.perpetuus.ch\/index.php?rest_route=\/wp\/v2\/pages\/31","targetHints":{"allow":["GET"]}}],"collection":[{"href":"https:\/\/www.perpetuus.ch\/index.php?rest_route=\/wp\/v2\/pages"}],"about":[{"href":"https:\/\/www.perpetuus.ch\/index.php?rest_route=\/wp\/v2\/types\/page"}],"author":[{"embeddable":true,"href":"https:\/\/www.perpetuus.ch\/index.php?rest_route=\/wp\/v2\/users\/1"}],"replies":[{"embeddable":true,"href":"https:\/\/www.perpetuus.ch\/index.php?rest_route=%2Fwp%2Fv2%2Fcomments&post=31"}],"version-history":[{"count":13,"href":"https:\/\/www.perpetuus.ch\/index.php?rest_route=\/wp\/v2\/pages\/31\/revisions"}],"predecessor-version":[{"id":262,"href":"https:\/\/www.perpetuus.ch\/index.php?rest_route=\/wp\/v2\/pages\/31\/revisions\/262"}],"wp:featuredmedia":[{"embeddable":true,"href":"https:\/\/www.perpetuus.ch\/index.php?rest_route=\/wp\/v2\/media\/251"}],"wp:attachment":[{"href":"https:\/\/www.perpetuus.ch\/index.php?rest_route=%2Fwp%2Fv2%2Fmedia&parent=31"}],"curies":[{"name":"wp","href":"https:\/\/api.w.org\/{rel}","templated":true}]}}