{"id":35,"date":"2015-04-23T22:51:50","date_gmt":"2015-04-23T20:51:50","guid":{"rendered":"http:\/\/www.perpetuus.ch\/?page_id=35"},"modified":"2015-05-14T18:59:43","modified_gmt":"2015-05-14T16:59:43","slug":"firmendepot-eroeffnen","status":"publish","type":"page","link":"https:\/\/www.perpetuus.ch\/?page_id=35","title":{"rendered":"Firmen Depot er\u00f6ffnen"},"content":{"rendered":"<p>\u00dcber diesen Link k\u00f6nnen Sie direkt ein Firmen Depot bei Interactive Brokers Er\u00f6ffnen.<\/p>\n<p><strong><a class=\"content\" href=\"https:\/\/www.interactivebrokers.com\/Universal\/servlet\/OpenAccount.IBrokerGuestLogin?partnerID=I1001061&amp;invitedBy=ZXVyb3BhNzg5&amp;\">Interactive Brokers &#8211; Firmen Depot<\/a><\/strong><\/p>\n<p>&nbsp;<\/p>\n<p>&nbsp;<\/p>\n","protected":false},"excerpt":{"rendered":"<p>\u00dcber diesen Link k\u00f6nnen Sie direkt ein Firmen Depot bei Interactive Brokers Er\u00f6ffnen. Interactive Brokers &#8211; Firmen Depot &nbsp; &nbsp;<\/p>\n","protected":false},"author":1,"featured_media":0,"parent":31,"menu_order":5,"comment_status":"open","ping_status":"open","template":"page-full.php","meta":{"footnotes":""},"class_list":["post-35","page","type-page","status-publish","hentry"],"_links":{"self":[{"href":"https:\/\/www.perpetuus.ch\/index.php?rest_route=\/wp\/v2\/pages\/35","targetHints":{"allow":["GET"]}}],"collection":[{"href":"https:\/\/www.perpetuus.ch\/index.php?rest_route=\/wp\/v2\/pages"}],"about":[{"href":"https:\/\/www.perpetuus.ch\/index.php?rest_route=\/wp\/v2\/types\/page"}],"author":[{"embeddable":true,"href":"https:\/\/www.perpetuus.ch\/index.php?rest_route=\/wp\/v2\/users\/1"}],"replies":[{"embeddable":true,"href":"https:\/\/www.perpetuus.ch\/index.php?rest_route=%2Fwp%2Fv2%2Fcomments&post=35"}],"version-history":[{"count":6,"href":"https:\/\/www.perpetuus.ch\/index.php?rest_route=\/wp\/v2\/pages\/35\/revisions"}],"predecessor-version":[{"id":194,"href":"https:\/\/www.perpetuus.ch\/index.php?rest_route=\/wp\/v2\/pages\/35\/revisions\/194"}],"up":[{"embeddable":true,"href":"https:\/\/www.perpetuus.ch\/index.php?rest_route=\/wp\/v2\/pages\/31"}],"wp:attachment":[{"href":"https:\/\/www.perpetuus.ch\/index.php?rest_route=%2Fwp%2Fv2%2Fmedia&parent=35"}],"curies":[{"name":"wp","href":"https:\/\/api.w.org\/{rel}","templated":true}]}}